{"id":13285,"date":"2022-03-18T07:34:42","date_gmt":"2022-03-18T07:34:42","guid":{"rendered":"https:\/\/mbbauleitung.ch\/?page_id=13285"},"modified":"2022-03-25T10:23:10","modified_gmt":"2022-03-25T10:23:10","slug":"philosophie","status":"publish","type":"page","link":"https:\/\/mbbauleitung.ch\/?page_id=13285","title":{"rendered":"Philosophie"},"content":{"rendered":"<div class=\"fusion-fullwidth fullwidth-box fusion-builder-row-1 fusion-flex-container nonhundred-percent-fullwidth non-hundred-percent-height-scrolling\" style=\"background-color: rgba(255,255,255,0);background-position: center center;background-repeat: no-repeat;border-width: 0px 0px 0px 0px;border-color:hsla(var(--awb-color2-h),calc( var(--awb-color2-s) + 2% ),var(--awb-color2-l),var(--awb-color2-a));border-style:solid;\" ><div class=\"fusion-builder-row fusion-row fusion-flex-align-items-flex-start\" style=\"max-width:1216.8px;margin-left: calc(-4% \/ 2 );margin-right: calc(-4% \/ 2 );\"><div class=\"fusion-layout-column fusion_builder_column fusion-builder-column-0 fusion_builder_column_1_2 1_2 fusion-flex-column\"><div class=\"fusion-column-wrapper fusion-flex-justify-content-flex-start fusion-content-layout-column\" style=\"background-position:left top;background-repeat:no-repeat;-webkit-background-size:cover;-moz-background-size:cover;-o-background-size:cover;background-size:cover;padding: 0px 0px 0px 0px;\"><style type=\"text\/css\">.fusion-image-switch.fusion-image-before-after-1 img{transition: 0.5s ease-in-out;}<\/style><div class=\"fusion-image-before-after-element fusion-image-switch fusion-image-before-after-1\"><img decoding=\"async\" class=\"fusion-image-switch-before lazyload\" src=\"data:image\/svg+xml,%3Csvg%20xmlns%3D%27http%3A%2F%2Fwww.w3.org%2F2000%2Fsvg%27%20width%3D%272560%27%20height%3D%271707%27%20viewBox%3D%270%200%202560%201707%27%3E%3Crect%20width%3D%272560%27%20height%3D%271707%27%20fill-opacity%3D%220%22%2F%3E%3C%2Fsvg%3E\" width=\"600\" height=\"400\" data-orig-src=\"https:\/\/mbbauleitung.ch\/wp-content\/uploads\/2022\/03\/pexels-aleksandar-pasaric-1437493-600x400.jpg\"><img decoding=\"async\" class=\"fusion-image-switch-after lazyload\" src=\"data:image\/svg+xml,%3Csvg%20xmlns%3D%27http%3A%2F%2Fwww.w3.org%2F2000%2Fsvg%27%20width%3D%272560%27%20height%3D%271707%27%20viewBox%3D%270%200%202560%201707%27%3E%3Crect%20width%3D%272560%27%20height%3D%271707%27%20fill-opacity%3D%220%22%2F%3E%3C%2Fsvg%3E\" width=\"600\" height=\"400\" data-orig-src=\"https:\/\/mbbauleitung.ch\/wp-content\/uploads\/2022\/03\/pexels-pixabay-417273-600x400.jpg\"><\/a><\/div><\/div><style type=\"text\/css\">.fusion-body .fusion-builder-column-0{width:50% !important;margin-top : 0px;margin-bottom : 20px;}.fusion-builder-column-0 > .fusion-column-wrapper {padding-top : 0px !important;padding-right : 0px !important;margin-right : 3.84%;padding-bottom : 0px !important;padding-left : 0px !important;margin-left : 3.84%;}@media only screen and (max-width:1024px) {.fusion-body .fusion-builder-column-0{width:100% !important;order : 0;}.fusion-builder-column-0 > .fusion-column-wrapper {margin-right : 1.92%;margin-left : 1.92%;}}@media only screen and (max-width:640px) {.fusion-body .fusion-builder-column-0{width:100% !important;order : 0;}.fusion-builder-column-0 > .fusion-column-wrapper {margin-right : 1.92%;margin-left : 1.92%;}}<\/style><\/div><div class=\"fusion-layout-column fusion_builder_column fusion-builder-column-1 fusion_builder_column_1_2 1_2 fusion-flex-column\"><div class=\"fusion-column-wrapper fusion-flex-justify-content-flex-start fusion-content-layout-column\" style=\"background-position:left top;background-repeat:no-repeat;-webkit-background-size:cover;-moz-background-size:cover;-o-background-size:cover;background-size:cover;padding: 0px 0px 0px 0px;\"><div class=\"fusion-text fusion-text-1\"><p>Eine ehrliche, faire und transparente Zusammenarbeit mit unseren Auftraggebern ist f\u00fcr uns an der Tagesordnung. Neben hoher Fachkompetenz, langj\u00e4hriger Erfahrung, Verl\u00e4sslichkeit und n\u00f6tiger Flexibilit\u00e4t entstand unser Motto: Bauen soll Allen Freude und Zufriedenheit bereiten.<\/p>\n<p>Der Ehrgeiz, hohe Qualit\u00e4t und ohne Termin- und Kosten\u00fcberschreitung zu bauen, spornt uns t\u00e4glich an. Wir sch\u00e4tzen faire Auftraggeber*Innen, welche Probleme klar ansprechen und Mehrwert erkennen. So kommen wir gemeinsam zum erfolgreichen Ziel.<\/p>\n<p>Die erfolgreichen Gesch\u00e4ftsjahre best\u00e4tigen uns darin, dass wir mit unserem Motto richtig liegen.<\/p>\n<p><strong>Zum Abschluss: Gemeinsam zum erfolgreichen Ziel, wir sorgen daf\u00fcr!<\/strong><\/p>\n<\/div><\/div><style type=\"text\/css\">.fusion-body .fusion-builder-column-1{width:50% !important;margin-top : 0px;margin-bottom : 20px;}.fusion-builder-column-1 > .fusion-column-wrapper {padding-top : 0px !important;padding-right : 0px !important;margin-right : 3.84%;padding-bottom : 0px !important;padding-left : 0px !important;margin-left : 3.84%;}@media only screen and (max-width:1024px) {.fusion-body .fusion-builder-column-1{width:100% !important;order : 0;}.fusion-builder-column-1 > .fusion-column-wrapper {margin-right : 1.92%;margin-left : 1.92%;}}@media only screen and (max-width:640px) {.fusion-body .fusion-builder-column-1{width:100% !important;order : 0;}.fusion-builder-column-1 > .fusion-column-wrapper {margin-right : 1.92%;margin-left : 1.92%;}}<\/style><\/div><\/div><style type=\"text\/css\">.fusion-body .fusion-flex-container.fusion-builder-row-1{ padding-top : 0px;margin-top : 0px;padding-right : 0px;padding-bottom : 0px;margin-bottom : 0px;padding-left : 0px;}<\/style><\/div>\n","protected":false},"excerpt":{"rendered":"","protected":false},"author":1,"featured_media":0,"parent":0,"menu_order":0,"comment_status":"closed","ping_status":"closed","template":"","meta":{"footnotes":""},"class_list":["post-13285","page","type-page","status-publish","hentry"],"_links":{"self":[{"href":"https:\/\/mbbauleitung.ch\/index.php?rest_route=\/wp\/v2\/pages\/13285","targetHints":{"allow":["GET"]}}],"collection":[{"href":"https:\/\/mbbauleitung.ch\/index.php?rest_route=\/wp\/v2\/pages"}],"about":[{"href":"https:\/\/mbbauleitung.ch\/index.php?rest_route=\/wp\/v2\/types\/page"}],"author":[{"embeddable":true,"href":"https:\/\/mbbauleitung.ch\/index.php?rest_route=\/wp\/v2\/users\/1"}],"replies":[{"embeddable":true,"href":"https:\/\/mbbauleitung.ch\/index.php?rest_route=%2Fwp%2Fv2%2Fcomments&post=13285"}],"version-history":[{"count":7,"href":"https:\/\/mbbauleitung.ch\/index.php?rest_route=\/wp\/v2\/pages\/13285\/revisions"}],"predecessor-version":[{"id":13588,"href":"https:\/\/mbbauleitung.ch\/index.php?rest_route=\/wp\/v2\/pages\/13285\/revisions\/13588"}],"wp:attachment":[{"href":"https:\/\/mbbauleitung.ch\/index.php?rest_route=%2Fwp%2Fv2%2Fmedia&parent=13285"}],"curies":[{"name":"wp","href":"https:\/\/api.w.org\/{rel}","templated":true}]}}