{"id":10883,"date":"2014-10-11T14:58:50","date_gmt":"2014-10-11T14:58:50","guid":{"rendered":"https:\/\/avada.theme-fusion.com_demos\/portfolio\/?page_id=10883"},"modified":"2022-07-11T14:59:27","modified_gmt":"2022-07-11T14:59:27","slug":"about-us","status":"publish","type":"page","link":"https:\/\/mbbauleitung.ch\/?page_id=10883","title":{"rendered":"\u00dcber uns"},"content":{"rendered":"<p><div class=\"fusion-fullwidth fullwidth-box fusion-builder-row-1 fusion-flex-container nonhundred-percent-fullwidth non-hundred-percent-height-scrolling\" style=\"background-color: hsla(var(--awb-color1-h),var(--awb-color1-s),var(--awb-color1-l),calc( var(--awb-color1-a) - 50% ));background-position: left top;background-repeat: no-repeat;background-blend-mode: overlay;border-width: 0px 0px 0px 0px;border-color:hsla(var(--awb-color2-h),calc( var(--awb-color2-s) + 2% ),var(--awb-color2-l),var(--awb-color2-a));border-style:solid;\" ><div class=\"fusion-builder-row fusion-row fusion-flex-align-items-flex-start\" style=\"max-width:calc( 1170px + 0px );margin-left: calc(-0px \/ 2 );margin-right: calc(-0px \/ 2 );\"><div class=\"fusion-layout-column fusion_builder_column fusion-builder-column-0 fusion_builder_column_1_1 1_1 fusion-flex-column fusion-flex-align-self-flex-start fusion-column-no-min-height\"><div class=\"fusion-column-wrapper fusion-flex-justify-content-flex-start fusion-content-layout-column\" style=\"background-position:left top;background-blend-mode: overlay;background-repeat:no-repeat;-webkit-background-size:cover;-moz-background-size:cover;-o-background-size:cover;background-size:cover;padding: 0px 0px 0px 0px;\"><style type=\"text\/css\">@media only screen and (max-width:1024px) {.fusion-title.fusion-title-1{margin-top:0px!important; margin-right:0px!important;margin-bottom:30px!important;margin-left:0px!important;}}@media only screen and (max-width:640px) {.fusion-title.fusion-title-1{margin-top:0px!important; margin-right:0px!important;margin-bottom:20px!important; margin-left:0px!important;}}<\/style><div class=\"fusion-title title fusion-title-1 fusion-title-center fusion-title-text fusion-title-size-three\" style=\"margin-top:0px;margin-right:0px;margin-bottom:30px;margin-left:0px;\"><div class=\"title-sep-container title-sep-container-left\"><div class=\"title-sep sep-\" style=\"border-color:hsla(var(--awb-color2-h),var(--awb-color2-s),var(--awb-color2-l),calc( var(--awb-color2-a) - 10% ));\"><\/div><\/div><span class=\"awb-title-spacer\"><\/span><h3 class=\"title-heading-center\" style=\"margin:0;\"><h2>Gemeinsam zum erfolgreichen Ziel, wir sorgen daf\u00fcr!<\/h2><\/h3><span class=\"awb-title-spacer\"><\/span><div class=\"title-sep-container title-sep-container-right\"><div class=\"title-sep sep-\" style=\"border-color:hsla(var(--awb-color2-h),var(--awb-color2-s),var(--awb-color2-l),calc( var(--awb-color2-a) - 10% ));\"><\/div><\/div><\/div><\/div><style type=\"text\/css\">.fusion-body .fusion-builder-column-0{width:100% !important;margin-top : 0px;margin-bottom : 0px;}.fusion-builder-column-0 > .fusion-column-wrapper {padding-top : 0px !important;padding-right : 0px !important;margin-right : 0px;padding-bottom : 0px !important;padding-left : 0px !important;margin-left : 0px;}@media only screen and (max-width:1024px) {.fusion-body .fusion-builder-column-0{width:100% !important;}.fusion-builder-column-0 > .fusion-column-wrapper {margin-right : 0px;margin-left : 0px;}}@media only screen and (max-width:640px) {.fusion-body .fusion-builder-column-0{width:100% !important;}.fusion-builder-column-0 > .fusion-column-wrapper {margin-right : 0px;margin-left : 0px;}}<\/style><\/div><div class=\"fusion-layout-column fusion_builder_column fusion-builder-column-1 fusion_builder_column_1_1 1_1 fusion-flex-column fusion-flex-align-self-flex-start fusion-column-no-min-height\"><div class=\"fusion-column-wrapper fusion-flex-justify-content-flex-start fusion-content-layout-column\" style=\"background-position:left top;background-blend-mode: overlay;background-repeat:no-repeat;-webkit-background-size:cover;-moz-background-size:cover;-o-background-size:cover;background-size:cover;padding: 0px 0px 0px 0px;\"><div style=\"text-align:center;\"><span class=\" fusion-imageframe imageframe-none imageframe-1 hover-type-none fusion-animated\" style=\"border-radius:5px;\" data-animationType=\"fadeInLeft\" data-animationDuration=\"1\" data-animationOffset=\"top-into-view\"><img decoding=\"async\" width=\"864\" height=\"270\" title=\"Logo_Werbung_Baustellentafel\" src=\"https:\/\/mbbauleitung.ch\/wp-content\/uploads\/2022\/03\/Logo_Werbung_Baustellentafel.png\" data-orig-src=\"https:\/\/mbbauleitung.ch\/wp-content\/uploads\/2022\/03\/Logo_Werbung_Baustellentafel.png\" alt class=\"lazyload img-responsive wp-image-13310\" srcset=\"data:image\/svg+xml,%3Csvg%20xmlns%3D%27http%3A%2F%2Fwww.w3.org%2F2000%2Fsvg%27%20width%3D%27864%27%20height%3D%27270%27%20viewBox%3D%270%200%20864%20270%27%3E%3Crect%20width%3D%27864%27%20height%3D%27270%27%20fill-opacity%3D%220%22%2F%3E%3C%2Fsvg%3E\" data-srcset=\"https:\/\/mbbauleitung.ch\/wp-content\/uploads\/2022\/03\/Logo_Werbung_Baustellentafel-200x63.png 200w, https:\/\/mbbauleitung.ch\/wp-content\/uploads\/2022\/03\/Logo_Werbung_Baustellentafel-400x125.png 400w, https:\/\/mbbauleitung.ch\/wp-content\/uploads\/2022\/03\/Logo_Werbung_Baustellentafel-600x188.png 600w, https:\/\/mbbauleitung.ch\/wp-content\/uploads\/2022\/03\/Logo_Werbung_Baustellentafel-800x250.png 800w, https:\/\/mbbauleitung.ch\/wp-content\/uploads\/2022\/03\/Logo_Werbung_Baustellentafel.png 864w\" data-sizes=\"auto\" data-orig-sizes=\"(max-width: 1024px) 100vw, (max-width: 640px) 100vw, 864px\" \/><\/span><\/div><div class=\"fusion-separator fusion-full-width-sep\" style=\"align-self: center;margin-left: auto;margin-right: auto;margin-top:40px;margin-bottom:10px;width:100%;\"><\/div><\/div><style type=\"text\/css\">.fusion-body .fusion-builder-column-1{width:100% !important;margin-top : 0px;margin-bottom : 0px;}.fusion-builder-column-1 > .fusion-column-wrapper {padding-top : 0px !important;padding-right : 0px !important;margin-right : 0px;padding-bottom : 0px !important;padding-left : 0px !important;margin-left : 0px;}@media only screen and (max-width:1024px) {.fusion-body .fusion-builder-column-1{width:100% !important;}.fusion-builder-column-1 > .fusion-column-wrapper {margin-right : 0px;margin-left : 0px;}}@media only screen and (max-width:640px) {.fusion-body .fusion-builder-column-1{width:100% !important;}.fusion-builder-column-1 > .fusion-column-wrapper {margin-right : 0px;margin-left : 0px;}}<\/style><\/div><div class=\"fusion-layout-column fusion_builder_column fusion-builder-column-2 fusion_builder_column_1_1 1_1 fusion-flex-column fusion-flex-align-self-center fusion-column-no-min-height\"><div class=\"fusion-column-wrapper fusion-flex-justify-content-center fusion-content-layout-column\" style=\"background-position:left top;background-blend-mode: overlay;background-repeat:no-repeat;-webkit-background-size:cover;-moz-background-size:cover;-o-background-size:cover;background-size:cover;padding: 0px 0px 0px 0px;\"><div class=\"fusion-text fusion-text-1\" style=\"text-align:center;\"><p>Die <strong>mbbauleitung gmbh<\/strong> wurde am 1. Dezember 2013 gegr\u00fcndet. Der Firmensitz befindet sich in Nunningen, Zullwilerstrasse 45a. Gesch\u00e4ftsinhaber \/ Projekt- und Bauleitung ist Marco Brugger. Marianne Gebhardt ist als Assistentin f\u00fcr die Administration, sowie f\u00fcr die Buchhaltung t\u00e4tig. Gemeinsam bilden wir die <strong>mbbauleitung gmbh<\/strong>.<\/p>\n<p>MwSt- Nr: CHE-214.622.893<\/p>\n<p>Betriebshaftpflichtversicherung: AXA Winterthur<\/p>\n<\/div><\/div><style type=\"text\/css\">.fusion-body .fusion-builder-column-2{width:100% !important;margin-top : 0px;margin-bottom : 0px;}.fusion-builder-column-2 > .fusion-column-wrapper {padding-top : 0px !important;padding-right : 0px !important;margin-right : 0px;padding-bottom : 0px !important;padding-left : 0px !important;margin-left : 0px;}@media only screen and (max-width:1024px) {.fusion-body .fusion-builder-column-2{width:100% !important;order : 0;}.fusion-builder-column-2 > .fusion-column-wrapper {margin-right : 0px;margin-left : 0px;}}@media only screen and (max-width:640px) {.fusion-body .fusion-builder-column-2{width:100% !important;order : 0;}.fusion-builder-column-2 > .fusion-column-wrapper {margin-right : 0px;margin-left : 0px;}}<\/style><\/div><\/div><style type=\"text\/css\">.fusion-body .fusion-flex-container.fusion-builder-row-1{ padding-top : 0px;margin-top : 0px;padding-right : 0px;padding-bottom : 50px;margin-bottom : 0px;padding-left : 0px;}<\/style><\/div><div class=\"fusion-fullwidth fullwidth-box fusion-builder-row-2 fusion-flex-container fusion-parallax-none nonhundred-percent-fullwidth non-hundred-percent-height-scrolling lazyload\" style=\"background-color: hsla(var(--awb-color1-h),var(--awb-color1-s),var(--awb-color1-l),calc( var(--awb-color1-a) - 50% ));background-position: left top;background-repeat: repeat;background-blend-mode: overlay;border-width: 0px 0px 0px 0px;border-color:hsla(var(--awb-color2-h),calc( var(--awb-color2-s) + 2% ),var(--awb-color2-l),var(--awb-color2-a));border-style:solid;\" data-bg=\"https:\/\/mbbauleitung.ch\/wp-content\/uploads\/2014\/10\/bkgd_lines.jpg\" ><div class=\"fusion-builder-row fusion-row fusion-flex-align-items-flex-start\" style=\"max-width:1216.8px;margin-left: calc(-4% \/ 2 );margin-right: calc(-4% \/ 2 );\"><div class=\"fusion-layout-column fusion_builder_column fusion-builder-column-3 fusion_builder_column_1_3 1_3 fusion-flex-column\"><div class=\"fusion-column-wrapper fusion-flex-justify-content-flex-start fusion-content-layout-column\" style=\"background-position:left top;background-blend-mode: overlay;background-repeat:no-repeat;-webkit-background-size:cover;-moz-background-size:cover;-o-background-size:cover;background-size:cover;padding: 0px 0px 0px 0px;\"><style type=\"text\/css\">@media only screen and (max-width:1024px) {.fusion-title.fusion-title-2{margin-top:16px!important; margin-right:0px!important;margin-bottom:20px!important;margin-left:0px!important;}}@media only screen and (max-width:640px) {.fusion-title.fusion-title-2{margin-top:0px!important; margin-right:0px!important;margin-bottom:20px!important; margin-left:0px!important;}}<\/style><div class=\"fusion-title title fusion-title-2 fusion-title-center fusion-title-text fusion-title-size-three\" style=\"margin-top:16px;margin-right:0px;margin-bottom:20px;margin-left:0px;\"><div class=\"title-sep-container title-sep-container-left\"><div class=\"title-sep sep-\" style=\"border-color:hsla(var(--awb-color2-h),var(--awb-color2-s),var(--awb-color2-l),calc( var(--awb-color2-a) - 10% ));\"><\/div><\/div><span class=\"awb-title-spacer\"><\/span><h3 class=\"title-heading-center\" style=\"margin:0;\"><h3>Bauen soll Allen Freude und Zufriedenheit bereiten.<\/h3><\/h3><span class=\"awb-title-spacer\"><\/span><div class=\"title-sep-container title-sep-container-right\"><div class=\"title-sep sep-\" style=\"border-color:hsla(var(--awb-color2-h),var(--awb-color2-s),var(--awb-color2-l),calc( var(--awb-color2-a) - 10% ));\"><\/div><\/div><\/div><div class=\"fusion-separator\" style=\"align-self: center;margin-left: auto;margin-right: auto;margin-top:5px;margin-bottom:20px;width:100%;max-width:200px;\"><div class=\"fusion-separator-border sep-single sep-solid\" style=\"border-color:hsla(var(--awb-color8-h),var(--awb-color8-s),var(--awb-color8-l),calc( var(--awb-color8-a) - 70% ));border-top-width:1px;\"><\/div><\/div><div class=\"fusion-text fusion-text-2\" style=\"text-align:center;\"><p>Sie wollen von unserem Fachwissen rund ums Bauen profitieren, dann lassen Sie uns bei Ihrem Projekt mitwirken.<\/p>\n<\/div><div style=\"text-align:center;\"><style>.fusion-button.button-1{border-color:var(--awb-color4);border-width:1px 1px 1px 1px;border-radius:2px 2px 2px 2px;background:hsla(var(--awb-color1-h),var(--awb-color1-s),var(--awb-color1-l),calc( var(--awb-color1-a) - 90% ));}.fusion-button.button-1 .fusion-button-text,.fusion-button.button-1 i,.fusion-button.button-1:hover .fusion-button-text,.fusion-button.button-1:hover i,.fusion-button.button-1:focus .fusion-button-text,.fusion-button.button-1:focus i,.fusion-button.button-1:active .fusion-button-text,.fusion-button.button-1:active i{color:var(--awb-color4);}.fusion-button.button-1:hover,.fusion-button.button-1:active,.fusion-button.button-1:focus{border-color:var(--awb-color4);border-width:1px 1px 1px 1px;background:hsla(var(--awb-color1-h),var(--awb-color1-s),var(--awb-color1-l),calc( var(--awb-color1-a) - 60% ));}<\/style><a class=\"fusion-button button-flat button-large button-custom button-1 fusion-button-default-span \" target=\"_blank\" rel=\"noopener noreferrer\" href=\"https:\/\/mbbauleitung.ch\/?page_id=10889\" style=\"margin-top:8px;\"><span class=\"fusion-button-text\">Baudienstleistungen<\/span><\/a><\/div><\/div><style type=\"text\/css\">.fusion-body .fusion-builder-column-3{width:33.333333333333% !important;margin-top : 0px;margin-bottom : 20px;}.fusion-builder-column-3 > .fusion-column-wrapper {padding-top : 0px !important;padding-right : 0px !important;margin-right : 3.84%;padding-bottom : 0px !important;padding-left : 0px !important;margin-left : 5.76%;}@media only screen and (max-width:1024px) {.fusion-body .fusion-builder-column-3{width:100% !important;}.fusion-builder-column-3 > .fusion-column-wrapper {margin-right : 1.92%;margin-left : 1.92%;}}@media only screen and (max-width:640px) {.fusion-body .fusion-builder-column-3{width:100% !important;}.fusion-builder-column-3 > .fusion-column-wrapper {margin-right : 1.92%;margin-left : 1.92%;}}<\/style><\/div><div class=\"fusion-layout-column fusion_builder_column fusion-builder-column-4 fusion_builder_column_2_3 2_3 fusion-flex-column\"><div class=\"fusion-column-wrapper fusion-flex-justify-content-flex-start fusion-content-layout-column\" style=\"background-position:left top;background-blend-mode: overlay;background-repeat:no-repeat;-webkit-background-size:cover;-moz-background-size:cover;-o-background-size:cover;background-size:cover;padding: 0px 0px 0px 0px;\"><div class=\"fusion-flip-boxes flip-boxes row fusion-columns-3 flip-effect-classic equal-heights\"><div class=\"fusion-flip-box-wrapper fusion-column col-lg-4 col-md-4 col-sm-4\"><div class=\"fusion-flip-box flip-right\" tabindex=\"0\"><div class=\"flip-box-inner-wrapper\"><div class=\"flip-box-front\" style=\"background-color:hsla(var(--awb-color8-h),var(--awb-color8-s),var(--awb-color8-l),calc( var(--awb-color8-a) - 95% ));border-color:rgba(255,255,255,0);border-radius:4px;border-style:solid;border-width:0px;color:var(--awb-color5);transition-duration:0.4s;\"><div class=\"flip-box-front-inner\"><div class=\"flip-box-grafix flip-box-image\"><img decoding=\"async\" class=\"lazyload\" src=\"data:image\/svg+xml,%3Csvg%20xmlns%3D%27http%3A%2F%2Fwww.w3.org%2F2000%2Fsvg%27%20width%3D%271551%27%20height%3D%271541%27%20viewBox%3D%270%200%201551%201541%27%3E%3Crect%20width%3D%271551%27%20height%3D%271541%27%20fill-opacity%3D%220%22%2F%3E%3C%2Fsvg%3E\" data-orig-src=\"https:\/\/mbbauleitung.ch\/wp-content\/uploads\/2022\/03\/Leitung-600x596.png\" width=\"96\" height=\"95.36\" alt=\"\" \/><\/div><h2 class=\"flip-box-heading\" style=\"color:var(--awb-color7);\">Projekt- und Bauleitung<\/h2>Von der Beratung bis zur Realisierung<\/div><\/div><div class=\"flip-box-back\" style=\"background-color:var(--awb-color4);border-color:rgba(255,255,255,0);border-radius:4px;border-style:solid;border-width:0px;color:var(--awb-color1);transition-duration:0.4s;\"><div class=\"flip-box-back-inner\"><h3 class=\"flip-box-heading-back\" style=\"color:var(--awb-color1);\">Wir \u00fcbernehmen!<\/h3>\n<p>Auf eine qualitativ hochwertige und termingerechte Ausf\u00fchrung legen wir grossen Wert.<\/p>\n<\/div><\/div><\/div><\/div><\/div><div class=\"fusion-flip-box-wrapper fusion-column col-lg-4 col-md-4 col-sm-4\"><div class=\"fusion-flip-box flip-right\" tabindex=\"0\"><div class=\"flip-box-inner-wrapper\"><div class=\"flip-box-front\" style=\"background-color:hsla(var(--awb-color8-h),var(--awb-color8-s),var(--awb-color8-l),calc( var(--awb-color8-a) - 95% ));border-color:rgba(255,255,255,0);border-radius:4px;border-style:solid;border-width:0px;color:var(--awb-color5);transition-duration:0.4s;\"><div class=\"flip-box-front-inner\"><div class=\"flip-box-grafix flip-box-image\"><img decoding=\"async\" class=\"lazyload\" src=\"data:image\/svg+xml,%3Csvg%20xmlns%3D%27http%3A%2F%2Fwww.w3.org%2F2000%2Fsvg%27%20width%3D%271883%27%20height%3D%271540%27%20viewBox%3D%270%200%201883%201540%27%3E%3Crect%20width%3D%271883%27%20height%3D%271540%27%20fill-opacity%3D%220%22%2F%3E%3C%2Fsvg%3E\" data-orig-src=\"https:\/\/mbbauleitung.ch\/wp-content\/uploads\/2022\/03\/GU_TU-600x491.png\" width=\"110\" height=\"90.02\" alt=\"\" \/><\/div><h2 class=\"flip-box-heading\" style=\"color:var(--awb-color7);\">General- und Totalunternehmung<\/h2>Wir unterst\u00fctzen Sie in allen Phasen Ihres Projekts<\/div><\/div><div class=\"flip-box-back\" style=\"background-color:hsla(calc(var(--awb-color5-h) + 335),var(--awb-color5-s),var(--awb-color5-l),var(--awb-color5-a));border-color:rgba(255,255,255,0);border-radius:4px;border-style:solid;border-width:0px;color:var(--awb-color1);transition-duration:0.4s;\"><div class=\"flip-box-back-inner\"><h3 class=\"flip-box-heading-back\" style=\"color:var(--awb-color1);\">Wir unterst\u00fctzen!<\/h3>\n<p>Vom Ankauf des Grundst\u00fccks \u00fcber die Projektierung und den Bau bis hin zur bezugsfertigen \u00dcbergabe der fertiggestellten Immobilie.<\/p>\n<\/div><\/div><\/div><\/div><\/div><div class=\"fusion-flip-box-wrapper fusion-column col-lg-4 col-md-4 col-sm-4\"><div class=\"fusion-flip-box flip-right\" tabindex=\"0\"><div class=\"flip-box-inner-wrapper\"><div class=\"flip-box-front\" style=\"background-color:hsla(var(--awb-color8-h),var(--awb-color8-s),var(--awb-color8-l),calc( var(--awb-color8-a) - 95% ));border-color:rgba(255,255,255,0);border-radius:4px;border-style:solid;border-width:0px;color:var(--awb-color5);transition-duration:0.4s;\"><div class=\"flip-box-front-inner\"><div class=\"flip-box-grafix flip-box-image\"><img decoding=\"async\" class=\"lazyload\" src=\"data:image\/svg+xml,%3Csvg%20xmlns%3D%27http%3A%2F%2Fwww.w3.org%2F2000%2Fsvg%27%20width%3D%271925%27%20height%3D%271599%27%20viewBox%3D%270%200%201925%201599%27%3E%3Crect%20width%3D%271925%27%20height%3D%271599%27%20fill-opacity%3D%220%22%2F%3E%3C%2Fsvg%3E\" data-orig-src=\"https:\/\/mbbauleitung.ch\/wp-content\/uploads\/2022\/03\/Entwicklung-600x498.png\" width=\"105\" height=\"87.15\" alt=\"\" \/><\/div><h2 class=\"flip-box-heading\" style=\"color:var(--awb-color7);\">Projektentwicklung<\/h2>Ihre Bed\u00fcrfnisse und Interessen stehen immer an erster Stelle<\/div><\/div><div class=\"flip-box-back\" style=\"background-color:var(--awb-color8);border-color:rgba(255,255,255,0);border-radius:4px;border-style:solid;border-width:0px;color:var(--awb-color1);transition-duration:0.4s;\"><div class=\"flip-box-back-inner\"><h3 class=\"flip-box-heading-back\" style=\"color:var(--awb-color1);\">Wir supporten!<\/h3>\n<p>Unser Ziel ist es, gemeinsam mit Ihnen, marktg\u00e4ngige und zukunftsf\u00e4hige Nutzungsideen f\u00fcr Ihr Immobilienprojekt auszubauen.<\/p>\n<\/div><\/div><\/div><\/div><\/div><\/div><\/div><style type=\"text\/css\">.fusion-body .fusion-builder-column-4{width:66.666666666667% !important;margin-top : 0px;margin-bottom : 20px;}.fusion-builder-column-4 > .fusion-column-wrapper {padding-top : 0px !important;padding-right : 0px !important;margin-right : 2.88%;padding-bottom : 0px !important;padding-left : 0px !important;margin-left : 3.84%;}@media only screen and (max-width:1024px) {.fusion-body .fusion-builder-column-4{width:100% !important;}.fusion-builder-column-4 > .fusion-column-wrapper {margin-right : 1.92%;margin-left : 1.92%;}}@media only screen and (max-width:640px) {.fusion-body .fusion-builder-column-4{width:100% !important;}.fusion-builder-column-4 > .fusion-column-wrapper {margin-right : 1.92%;margin-left : 1.92%;}}<\/style><\/div><\/div><style type=\"text\/css\">.fusion-body .fusion-flex-container.fusion-builder-row-2{ padding-top : 80px;margin-top : 0px;padding-right : 0px;padding-bottom : 30px;margin-bottom : 0px;padding-left : 0px;}<\/style><\/div><div class=\"fusion-fullwidth fullwidth-box fusion-builder-row-3 fusion-flex-container fusion-parallax-none nonhundred-percent-fullwidth non-hundred-percent-height-scrolling fusion-no-small-visibility lazyload\" style=\"background-color: rgba(255,255,255,0);background-position: center center;background-repeat: no-repeat;background-blend-mode: overlay;border-width: 0px 0px 0px 0px;border-color:hsla(var(--awb-color2-h),calc( var(--awb-color2-s) + 2% ),var(--awb-color2-l),var(--awb-color2-a));border-style:solid;-webkit-background-size:cover;-moz-background-size:cover;-o-background-size:cover;background-size:cover;\" data-bg=\"https:\/\/avada.theme-fusion.com\/agency\/wp-content\/uploads\/sites\/11\/2014\/10\/bkgd_cityblue.jpg\" ><div class=\"fusion-builder-row fusion-row fusion-flex-align-items-center fusion-flex-justify-content-center\" style=\"max-width:calc( 1170px + 0px );margin-left: calc(-0px \/ 2 );margin-right: calc(-0px \/ 2 );\"><div class=\"fusion-layout-column fusion_builder_column fusion-builder-column-5 fusion_builder_column_1_1 1_1 fusion-flex-column fusion-flex-align-self-center fusion-column-no-min-height fusion-no-small-visibility\"><div class=\"fusion-column-wrapper fusion-flex-justify-content-center fusion-content-layout-column\" style=\"background-position:left top;background-blend-mode: overlay;background-repeat:no-repeat;-webkit-background-size:cover;-moz-background-size:cover;-o-background-size:cover;background-size:cover;padding: 0px 0px 0px 0px;\"><a class=\"fusion-modal-text-link\" data-toggle=\"modal\" data-target=\".fusion-modal.Maps\" href=\"#\"><iframe style=\"border: 0;\" src=\"https:\/\/www.google.com\/maps\/embed?pb=!1m18!1m12!1m3!1d2701.066856097443!2d7.611759515844396!3d47.3911284108306!2m3!1f0!2f0!3f0!3m2!1i1024!2i768!4f13.1!3m3!1m2!1s0x4791cfa73b9b0145%3A0x85bccc75ececaef9!2sZullwilerstrasse%2045%2C%204208%20Nunningen!5e0!3m2!1sde!2sch!4v1648656834324!5m2!1sde!2sch\" width=\"600\" height=\"450\" allowfullscreen=\"allowfullscreen\"><\/iframe><\/a><\/div><style type=\"text\/css\">.fusion-body .fusion-builder-column-5{width:100% !important;margin-top : 0px;margin-bottom : 0px;}.fusion-builder-column-5 > .fusion-column-wrapper {padding-top : 0px !important;padding-right : 0px !important;margin-right : 0px;padding-bottom : 0px !important;padding-left : 0px !important;margin-left : 0px;}@media only screen and (max-width:1024px) {.fusion-body .fusion-builder-column-5{width:100% !important;order : 0;}.fusion-builder-column-5 > .fusion-column-wrapper {margin-right : 0px;margin-left : 0px;}}@media only screen and (max-width:640px) {.fusion-body .fusion-builder-column-5{width:100% !important;order : 0;}.fusion-builder-column-5 > .fusion-column-wrapper {margin-right : 0px;margin-left : 0px;}}<\/style><\/div><\/div><style type=\"text\/css\">.fusion-body .fusion-flex-container.fusion-builder-row-3{ padding-top : 90px;margin-top : 0px;padding-right : 0px;padding-bottom : 100px;margin-bottom : 0px;padding-left : 0px;}<\/style><\/div><div class=\"fusion-fullwidth fullwidth-box fusion-builder-row-4 fusion-flex-container fusion-parallax-none nonhundred-percent-fullwidth non-hundred-percent-height-scrolling fusion-no-medium-visibility fusion-no-large-visibility lazyload\" style=\"background-color: rgba(255,255,255,0);background-position: center center;background-repeat: no-repeat;background-blend-mode: overlay;border-width: 0px 0px 0px 0px;border-color:hsla(var(--awb-color2-h),calc( var(--awb-color2-s) + 2% ),var(--awb-color2-l),var(--awb-color2-a));border-style:solid;-webkit-background-size:cover;-moz-background-size:cover;-o-background-size:cover;background-size:cover;\" data-bg=\"https:\/\/avada.theme-fusion.com\/agency\/wp-content\/uploads\/sites\/11\/2014\/10\/bkgd_cityblue.jpg\" ><div class=\"fusion-builder-row fusion-row fusion-flex-align-items-center fusion-flex-justify-content-center\" style=\"max-width:calc( 1170px + 0px );margin-left: calc(-0px \/ 2 );margin-right: calc(-0px \/ 2 );\"><div class=\"fusion-layout-column fusion_builder_column fusion-builder-column-6 fusion_builder_column_1_1 1_1 fusion-flex-column fusion-flex-align-self-center fusion-column-no-min-height fusion-no-medium-visibility fusion-no-large-visibility\"><div class=\"fusion-column-wrapper fusion-flex-justify-content-center fusion-content-layout-column\" style=\"background-position:left top;background-blend-mode: overlay;background-repeat:no-repeat;-webkit-background-size:cover;-moz-background-size:cover;-o-background-size:cover;background-size:cover;padding: 0px 0px 0px 0px;\"><a class=\"fusion-modal-text-link\" data-toggle=\"modal\" data-target=\".fusion-modal.Maps\" href=\"#\"><iframe style=\"border: 0;\" src=\"https:\/\/www.google.com\/maps\/embed?pb=!1m18!1m12!1m3!1d2701.066856097443!2d7.611759515844396!3d47.3911284108306!2m3!1f0!2f0!3f0!3m2!1i1024!2i768!4f13.1!3m3!1m2!1s0x4791cfa73b9b0145%3A0x85bccc75ececaef9!2sZullwilerstrasse%2045%2C%204208%20Nunningen!5e0!3m2!1sde!2sch!4v1648656834324!5m2!1sde!2sch\" width=\"250\" height=\"250\" allowfullscreen=\"allowfullscreen\"><\/iframe><\/a><\/div><style type=\"text\/css\">.fusion-body .fusion-builder-column-6{width:100% !important;margin-top : 0px;margin-bottom : 0px;}.fusion-builder-column-6 > .fusion-column-wrapper {padding-top : 0px !important;padding-right : 0px !important;margin-right : 0px;padding-bottom : 0px !important;padding-left : 0px !important;margin-left : 0px;}@media only screen and (max-width:1024px) {.fusion-body .fusion-builder-column-6{width:100% !important;order : 0;}.fusion-builder-column-6 > .fusion-column-wrapper {margin-right : 0px;margin-left : 0px;}}@media only screen and (max-width:640px) {.fusion-body .fusion-builder-column-6{width:100% !important;order : 0;}.fusion-builder-column-6 > .fusion-column-wrapper {margin-right : 0px;margin-left : 0px;}}<\/style><\/div><\/div><style type=\"text\/css\">.fusion-body .fusion-flex-container.fusion-builder-row-4{ padding-top : 90px;margin-top : 0px;padding-right : 0px;padding-bottom : 100px;margin-bottom : 0px;padding-left : 0px;}<\/style><\/div><\/p>\n","protected":false},"excerpt":{"rendered":"","protected":false},"author":1,"featured_media":0,"parent":0,"menu_order":0,"comment_status":"open","ping_status":"open","template":"100-width.php","meta":{"footnotes":""},"class_list":["post-10883","page","type-page","status-publish","hentry"],"_links":{"self":[{"href":"https:\/\/mbbauleitung.ch\/index.php?rest_route=\/wp\/v2\/pages\/10883","targetHints":{"allow":["GET"]}}],"collection":[{"href":"https:\/\/mbbauleitung.ch\/index.php?rest_route=\/wp\/v2\/pages"}],"about":[{"href":"https:\/\/mbbauleitung.ch\/index.php?rest_route=\/wp\/v2\/types\/page"}],"author":[{"embeddable":true,"href":"https:\/\/mbbauleitung.ch\/index.php?rest_route=\/wp\/v2\/users\/1"}],"replies":[{"embeddable":true,"href":"https:\/\/mbbauleitung.ch\/index.php?rest_route=%2Fwp%2Fv2%2Fcomments&post=10883"}],"version-history":[{"count":32,"href":"https:\/\/mbbauleitung.ch\/index.php?rest_route=\/wp\/v2\/pages\/10883\/revisions"}],"predecessor-version":[{"id":14135,"href":"https:\/\/mbbauleitung.ch\/index.php?rest_route=\/wp\/v2\/pages\/10883\/revisions\/14135"}],"wp:attachment":[{"href":"https:\/\/mbbauleitung.ch\/index.php?rest_route=%2Fwp%2Fv2%2Fmedia&parent=10883"}],"curies":[{"name":"wp","href":"https:\/\/api.w.org\/{rel}","templated":true}]}}